{"id":8,"date":"2013-06-14T13:30:46","date_gmt":"2013-06-14T11:30:46","guid":{"rendered":"http:\/\/ulrich-gebbers.de\/?page_id=8"},"modified":"2026-04-15T08:22:54","modified_gmt":"2026-04-15T06:22:54","slug":"monotypien-ubermalt","status":"publish","type":"page","link":"https:\/\/ulrich-gebbers.de\/?page_id=8","title":{"rendered":"Papierarbeiten"},"content":{"rendered":"<p>&nbsp;<\/p>\n<p>Um einerseits spontan arbeiten zu k\u00f6nnen, andererseits aber gr\u00f6\u00dftm\u00f6gliche Kontrolle bei der Komposition meiner Bilder zu behalten, bediene ich mich einer besonderen Vorgehensweise: ich schaffe mir zun\u00e4chst durch eine Monotypie mit Leimfarbe, die ich auf einer gro\u00dfen Glasplatte auftrage, eine Untermalung, die dem sp\u00e4teren Bild ein kompositionelles Ger\u00fcst verleiht und die Farbe zus\u00e4tzlich plastischer wirken l\u00e4sst.<\/p>\n<p>&nbsp;<\/p>\nngg_shortcode_0_placeholder\n","protected":false},"excerpt":{"rendered":"<p>&nbsp; Um einerseits spontan arbeiten zu k\u00f6nnen, andererseits aber gr\u00f6\u00dftm\u00f6gliche Kontrolle bei der Komposition meiner Bilder zu behalten, bediene ich mich einer besonderen Vorgehensweise: ich schaffe mir zun\u00e4chst durch eine Monotypie mit Leimfarbe, die ich [&hellip;]<\/p>\n","protected":false},"author":1,"featured_media":0,"parent":0,"menu_order":3,"comment_status":"closed","ping_status":"open","template":"","meta":{"ngg_post_thumbnail":0,"footnotes":""},"class_list":["post-8","page","type-page","status-publish","hentry"],"_links":{"self":[{"href":"https:\/\/ulrich-gebbers.de\/index.php?rest_route=\/wp\/v2\/pages\/8","targetHints":{"allow":["GET"]}}],"collection":[{"href":"https:\/\/ulrich-gebbers.de\/index.php?rest_route=\/wp\/v2\/pages"}],"about":[{"href":"https:\/\/ulrich-gebbers.de\/index.php?rest_route=\/wp\/v2\/types\/page"}],"author":[{"embeddable":true,"href":"https:\/\/ulrich-gebbers.de\/index.php?rest_route=\/wp\/v2\/users\/1"}],"replies":[{"embeddable":true,"href":"https:\/\/ulrich-gebbers.de\/index.php?rest_route=%2Fwp%2Fv2%2Fcomments&post=8"}],"version-history":[{"count":10,"href":"https:\/\/ulrich-gebbers.de\/index.php?rest_route=\/wp\/v2\/pages\/8\/revisions"}],"predecessor-version":[{"id":1004,"href":"https:\/\/ulrich-gebbers.de\/index.php?rest_route=\/wp\/v2\/pages\/8\/revisions\/1004"}],"wp:attachment":[{"href":"https:\/\/ulrich-gebbers.de\/index.php?rest_route=%2Fwp%2Fv2%2Fmedia&parent=8"}],"curies":[{"name":"wp","href":"https:\/\/api.w.org\/{rel}","templated":true}]}}