{"id":7,"date":"2013-06-14T13:30:22","date_gmt":"2013-06-14T11:30:22","guid":{"rendered":"http:\/\/ulrich-gebbers.de\/?page_id=7"},"modified":"2018-02-08T11:55:53","modified_gmt":"2018-02-08T10:55:53","slug":"holzschnitte","status":"publish","type":"page","link":"https:\/\/ulrich-gebbers.de\/?page_id=7","title":{"rendered":"Farbholzschnitte"},"content":{"rendered":"<p>&nbsp;<\/p>\n<p>Die Anregung zu meinen\u00a0Experimenten mit dem Farbholzschnitt\u00a0erhielt ich von den klassischen\u00a0Drucken der Japaner, die mich schon seit vielen Jahren faszinieren. Von ihnen habe ich das Drucken mit wasserl\u00f6slichen Farben \u00fcbernommen. Ich selbst drucke allerdings meist in vielen Schichten mit dem selben Druckstock \u00fcbereinander und bediene mich dabei der Methode der &#8222;Verlorenen Platte&#8220;,\u00a0die eine gro\u00dfe Passgenauigkeit der Farbplatten garantiert, es allerdings auch unm\u00f6glich macht, eine Auflage nachtr\u00e4glich zu erh\u00f6hen.<\/p>\nngg_shortcode_0_placeholder\n","protected":false},"excerpt":{"rendered":"<p>&nbsp; Die Anregung zu meinen\u00a0Experimenten mit dem Farbholzschnitt\u00a0erhielt ich von den klassischen\u00a0Drucken der Japaner, die mich schon seit vielen Jahren faszinieren. Von ihnen habe ich das Drucken mit wasserl\u00f6slichen Farben \u00fcbernommen. Ich selbst drucke allerdings [&hellip;]<\/p>\n","protected":false},"author":1,"featured_media":0,"parent":0,"menu_order":2,"comment_status":"closed","ping_status":"open","template":"","meta":{"ngg_post_thumbnail":0,"footnotes":""},"class_list":["post-7","page","type-page","status-publish","hentry"],"_links":{"self":[{"href":"https:\/\/ulrich-gebbers.de\/index.php?rest_route=\/wp\/v2\/pages\/7","targetHints":{"allow":["GET"]}}],"collection":[{"href":"https:\/\/ulrich-gebbers.de\/index.php?rest_route=\/wp\/v2\/pages"}],"about":[{"href":"https:\/\/ulrich-gebbers.de\/index.php?rest_route=\/wp\/v2\/types\/page"}],"author":[{"embeddable":true,"href":"https:\/\/ulrich-gebbers.de\/index.php?rest_route=\/wp\/v2\/users\/1"}],"replies":[{"embeddable":true,"href":"https:\/\/ulrich-gebbers.de\/index.php?rest_route=%2Fwp%2Fv2%2Fcomments&post=7"}],"version-history":[{"count":10,"href":"https:\/\/ulrich-gebbers.de\/index.php?rest_route=\/wp\/v2\/pages\/7\/revisions"}],"predecessor-version":[{"id":73,"href":"https:\/\/ulrich-gebbers.de\/index.php?rest_route=\/wp\/v2\/pages\/7\/revisions\/73"}],"wp:attachment":[{"href":"https:\/\/ulrich-gebbers.de\/index.php?rest_route=%2Fwp%2Fv2%2Fmedia&parent=7"}],"curies":[{"name":"wp","href":"https:\/\/api.w.org\/{rel}","templated":true}]}}