{"id":2,"date":"2013-06-11T11:07:25","date_gmt":"2013-06-11T11:07:25","guid":{"rendered":"http:\/\/ulrich-gebbers.de\/?page_id=2"},"modified":"2018-02-08T11:56:14","modified_gmt":"2018-02-08T10:56:14","slug":"beispiel-seite","status":"publish","type":"page","link":"https:\/\/ulrich-gebbers.de\/?page_id=2","title":{"rendered":"Bilder auf LW"},"content":{"rendered":"<p>Vom Motiv her besch\u00e4ftige ich mich mit Landschaften, die mich beeindruckt haben, und die ich\u00a0mir\u00a0im Malprozess wieder zu vergegenw\u00e4rtigen versuche. Dass es sich dabei\u00a0um Landschaften im Norden Europas handelt, ist dabei kein Zufall, denn seit meiner Studienzeit faszinieren mich die Weite, die Stille und die elementare H\u00e4rte dieser Gegenden.<\/p>\n<p>Meist gehe ich von einer eher abstrakten\u00a0Untermalung aus, die die Energien und Spannungen eines Ortes\u00a0festhalten sollen. Ich benutze dabei\u00a0nur zwei oder drei Farben, um in dieser Reduktion den formalen Kern meines Bildes zu finden. Mit jeder \u00fcber dieses Grundger\u00fcst gelegten Farbschicht n\u00e4here ich mich dann dem konkret erinnerten Ort, seiner Atmosph\u00e4re und seinem besonderen Reiz, bis mir im Zusammenklang aller\u00a0Bildelemente der gesuchte Eindruck getroffen\u00a0scheint.<\/p>\n<p>&nbsp;<\/p>\nngg_shortcode_0_placeholder\n","protected":false},"excerpt":{"rendered":"<p>Vom Motiv her besch\u00e4ftige ich mich mit Landschaften, die mich beeindruckt haben, und die ich\u00a0mir\u00a0im Malprozess wieder zu vergegenw\u00e4rtigen versuche. Dass es sich dabei\u00a0um Landschaften im Norden Europas handelt, ist dabei kein Zufall, denn seit [&hellip;]<\/p>\n","protected":false},"author":1,"featured_media":0,"parent":0,"menu_order":1,"comment_status":"closed","ping_status":"open","template":"","meta":{"ngg_post_thumbnail":0,"footnotes":""},"class_list":["post-2","page","type-page","status-publish","hentry"],"_links":{"self":[{"href":"https:\/\/ulrich-gebbers.de\/index.php?rest_route=\/wp\/v2\/pages\/2","targetHints":{"allow":["GET"]}}],"collection":[{"href":"https:\/\/ulrich-gebbers.de\/index.php?rest_route=\/wp\/v2\/pages"}],"about":[{"href":"https:\/\/ulrich-gebbers.de\/index.php?rest_route=\/wp\/v2\/types\/page"}],"author":[{"embeddable":true,"href":"https:\/\/ulrich-gebbers.de\/index.php?rest_route=\/wp\/v2\/users\/1"}],"replies":[{"embeddable":true,"href":"https:\/\/ulrich-gebbers.de\/index.php?rest_route=%2Fwp%2Fv2%2Fcomments&post=2"}],"version-history":[{"count":15,"href":"https:\/\/ulrich-gebbers.de\/index.php?rest_route=\/wp\/v2\/pages\/2\/revisions"}],"predecessor-version":[{"id":237,"href":"https:\/\/ulrich-gebbers.de\/index.php?rest_route=\/wp\/v2\/pages\/2\/revisions\/237"}],"wp:attachment":[{"href":"https:\/\/ulrich-gebbers.de\/index.php?rest_route=%2Fwp%2Fv2%2Fmedia&parent=2"}],"curies":[{"name":"wp","href":"https:\/\/api.w.org\/{rel}","templated":true}]}}