{"id":11,"date":"2013-06-14T13:32:08","date_gmt":"2013-06-14T11:32:08","guid":{"rendered":"http:\/\/ulrich-gebbers.de\/?page_id=11"},"modified":"2021-05-21T08:11:11","modified_gmt":"2021-05-21T06:11:11","slug":"impressum","status":"publish","type":"page","link":"https:\/\/ulrich-gebbers.de\/?page_id=11","title":{"rendered":"Impressum\/ Datenschutz"},"content":{"rendered":"<address><strong>Ulrich Gebbers<\/strong><\/address>\n<address>Hilgeland 13 (Atelier: Werse 27)<br \/>\n48157 M\u00fcnster<\/address>\n<address>&nbsp;<\/address>\n<p>&nbsp;<\/p>\n<p><strong>Fotos<br \/>\n<\/strong><\/p>\n<p>Margarete Gebbers<\/p>\n<address>Hilgeland 13<\/address>\n<address>48157 M\u00fcnster<\/address>\n<p>______________________________________________________________________________________________________<\/p>\n<p>Haftungsausschluss:<br \/>\nTrotz sorgf\u00e4ltiger Auswahl und regelm\u00e4\u00dfiger \u00dcberpr\u00fcfung wird keinerlei Verantwortung f\u00fcr die Inhalte von Internetseiten \u00fcbernommen, auf die \u00fcber einen Hyperlink verwiesen oder in Textform aufmerksam gemacht wird.<br \/>\nDurch den Besuch der Webseite des Anbieters k\u00f6nnen Informationen \u00fcber den Zugriff (Datum, Uhrzeit, betrachtete Seite) gespeichert werden. Diese Daten geh\u00f6ren nicht zu den personenbezogenen Daten, sondern sind anonymisiert. Sie werden ausschlie\u00dflich zu statistischen Zwecken ausgewertet. Eine Weitergabe an Dritte, zu kommerziellen oder nichtkommerziellen Zwecken, findet nicht statt.<\/p>\n<p>Verantwortlich f\u00fcr den Inhalt:<\/p>\n<p>Ernst Ulrich Gebbers<\/p>\n<p>Hilgeland 13, (Atelier: Werse 27, 48157 M\u00fcnster)<\/p>\n<p>48157 M\u00fcnster<\/p>\n<p>&nbsp;<\/p>\n<p>&nbsp;<\/p>\n<p>M\u00f6chten Sie regelm\u00e4\u00dfig \u00fcber neue Arbeiten und Ausstellungen informiert werden?<br \/>\nDann melden Sie sich gerne per mail.<br \/>\nIhre Emailadresse wird nicht an Dritte weitergegeben:<\/p>\n<h2><strong>Datenschutzerkl\u00e4rung<\/strong><\/h2>\n<p><strong>Allgemeiner Hinweis und Pflichtinformationen<\/strong><\/p>\n<p><strong>Benennung der verantwortlichen Stelle<\/strong><\/p>\n<p>Die verantwortliche Stelle f\u00fcr die Datenverarbeitung auf dieser Website ist:<\/p>\n<p>Ernst Ulrich Gebbers<br \/>\nHilgeland 13 (Atelier: Werse 27)<br \/>\n48157 M\u00fcnster<\/p>\n<p>Die verantwortliche Stelle entscheidet allein oder gemeinsam mit anderen \u00fcber die Zwecke und Mittel der Verarbeitung von personenbezogenen Daten (z.B. Namen, Kontaktdaten o. \u00c4.).<\/p>\n<p><strong>Widerruf Ihrer Einwilligung zur Datenverarbeitung<\/strong><\/p>\n<p>Nur mit Ihrer ausdr\u00fccklichen Einwilligung sind einige Vorg\u00e4nge der Datenverarbeitung m\u00f6glich. Ein Widerruf Ihrer bereits erteilten Einwilligung ist jederzeit m\u00f6glich. F\u00fcr den Widerruf gen\u00fcgt eine formlose Mitteilung per E-Mail. Die Rechtm\u00e4\u00dfigkeit der bis zum Widerruf erfolgten Datenverarbeitung bleibt vom Widerruf unber\u00fchrt.<\/p>\n<p><strong>Recht auf Beschwerde bei der zust\u00e4ndigen Aufsichtsbeh\u00f6rde<\/strong><\/p>\n<p>Als Betroffener steht Ihnen im Falle eines datenschutzrechtlichen Versto\u00dfes ein Beschwerderecht bei der zust\u00e4ndigen Aufsichtsbeh\u00f6rde zu. Zust\u00e4ndige Aufsichtsbeh\u00f6rde bez\u00fcglich datenschutzrechtlicher Fragen ist der Landesdatenschutzbeauftragte des Bundeslandes, in dem sich mein Atelier befindet. Der folgende Link stellt eine Liste der Datenschutzbeauftragten sowie deren Kontaktdaten bereit:<a href=\"https:\/\/www.bfdi.bund.de\/DE\/Infothek\/Anschriften_Links\/anschriften_links-node.html.\" target=\"_blank\" rel=\"noopener noreferrer\"> https:\/\/www.bfdi.bund.de\/DE\/Infothek\/Anschriften_Links\/anschriften_links-node.html.<\/a><\/p>\n<p><strong>Recht auf Daten\u00fcbertragbarkeit<\/strong><\/p>\n<p>Ihnen steht das Recht zu, Daten, die wir auf Grundlage Ihrer Einwilligung oder in Erf\u00fcllung eines Vertrags automatisiert verarbeiten, an sich oder an Dritte aush\u00e4ndigen zu lassen. Die Bereitstellung erfolgt in einem maschinenlesbaren Format. Sofern Sie die direkte \u00dcbertragung der Daten an einen anderen Verantwortlichen verlangen, erfolgt dies nur, soweit es technisch machbar ist.<\/p>\n<p><strong>Recht auf Auskunft, Berichtigung, Sperrung, L\u00f6schung<\/strong><\/p>\n<p>Sie haben jederzeit im Rahmen der geltenden gesetzlichen Bestimmungen das Recht auf unentgeltliche Auskunft \u00fcber Ihre gespeicherten personenbezogenen Daten, Herkunft der Daten, deren Empf\u00e4nger und den Zweck der Datenverarbeitung und ggf. ein Recht auf Berichtigung, Sperrung oder L\u00f6schung dieser Daten. Diesbez\u00fcglich und auch zu weiteren Fragen zum Thema personenbezogene Daten k\u00f6nnen Sie sich jederzeit \u00fcber die im Impressum aufgef\u00fchrten Kontaktm\u00f6glichkeiten an uns wenden.<br \/>\nEs werden keine&nbsp;vertraulichen Inhalte&nbsp;gespeichert.<\/p>\n<p><strong>Server-Log-Dateien<\/strong><\/p>\n<p>In Server-Log-Dateien erhebt und speichert der Provider der Website automatisch Informationen, die Ihr Browser automatisch an uns \u00fcbermittelt. Dies sind:<\/p>\n<ul>\n<li>Browsertyp und Browserversion<\/li>\n<li>Verwendetes Betriebssystem<\/li>\n<li>Referrer URL<\/li>\n<li>Hostname des zugreifenden Rechners<\/li>\n<li>Uhrzeit der Serveranfrage<\/li>\n<li>IP-Adresse<\/li>\n<\/ul>\n<p>Es findet keine Zusammenf\u00fchrung dieser Daten mit anderen Datenquellen statt. Grundlage der Datenverarbeitung bildet Art. 6 Abs. 1 lit. b DSGVO, der die Verarbeitung von Daten zur Erf\u00fcllung eines Vertrags oder vorvertraglicher Ma\u00dfnahmen gestattet.<\/p>\n<p>Quelle: Datenschutz-Konfigurator von <a href=\"http:\/\/www.mein-datenschutzbeauftragter.de\" target=\"_blank\" rel=\"noopener noreferrer\">mein-datenschutzbeauftragter.de<\/a><\/p>\n<p>&nbsp;<\/p>\n","protected":false},"excerpt":{"rendered":"<p>Ulrich Gebbers Hilgeland 13 (Atelier: Werse 27) 48157 M\u00fcnster &nbsp; &nbsp; Fotos Margarete Gebbers Hilgeland 13 48157 M\u00fcnster ______________________________________________________________________________________________________ Haftungsausschluss: Trotz sorgf\u00e4ltiger Auswahl und regelm\u00e4\u00dfiger \u00dcberpr\u00fcfung wird keinerlei Verantwortung f\u00fcr die Inhalte von Internetseiten \u00fcbernommen, [&hellip;]<\/p>\n","protected":false},"author":1,"featured_media":0,"parent":0,"menu_order":6,"comment_status":"closed","ping_status":"open","template":"","meta":{"ngg_post_thumbnail":0,"footnotes":""},"class_list":["post-11","page","type-page","status-publish","hentry"],"_links":{"self":[{"href":"https:\/\/ulrich-gebbers.de\/index.php?rest_route=\/wp\/v2\/pages\/11","targetHints":{"allow":["GET"]}}],"collection":[{"href":"https:\/\/ulrich-gebbers.de\/index.php?rest_route=\/wp\/v2\/pages"}],"about":[{"href":"https:\/\/ulrich-gebbers.de\/index.php?rest_route=\/wp\/v2\/types\/page"}],"author":[{"embeddable":true,"href":"https:\/\/ulrich-gebbers.de\/index.php?rest_route=\/wp\/v2\/users\/1"}],"replies":[{"embeddable":true,"href":"https:\/\/ulrich-gebbers.de\/index.php?rest_route=%2Fwp%2Fv2%2Fcomments&post=11"}],"version-history":[{"count":21,"href":"https:\/\/ulrich-gebbers.de\/index.php?rest_route=\/wp\/v2\/pages\/11\/revisions"}],"predecessor-version":[{"id":646,"href":"https:\/\/ulrich-gebbers.de\/index.php?rest_route=\/wp\/v2\/pages\/11\/revisions\/646"}],"wp:attachment":[{"href":"https:\/\/ulrich-gebbers.de\/index.php?rest_route=%2Fwp%2Fv2%2Fmedia&parent=11"}],"curies":[{"name":"wp","href":"https:\/\/api.w.org\/{rel}","templated":true}]}}